{"id":223,"date":"2021-05-30T14:41:19","date_gmt":"2021-05-30T14:41:19","guid":{"rendered":"https:\/\/dawitredovisning.se\/?page_id=223"},"modified":"2021-06-01T08:19:21","modified_gmt":"2021-06-01T08:19:21","slug":"tjanster","status":"publish","type":"page","link":"https:\/\/dawitredovisning.se\/?page_id=223","title":{"rendered":"Tj\u00e4nster"},"content":{"rendered":"\t\t<div data-elementor-type=\"wp-page\" data-elementor-id=\"223\" class=\"elementor elementor-223\">\n\t\t\t\t\t\t<section class=\"elementor-section elementor-top-section elementor-element elementor-element-5800a5af elementor-section-full_width elementor-section-height-min-height elementor-section-items-bottom elementor-section-height-default\" data-id=\"5800a5af\" data-element_type=\"section\" data-e-type=\"section\" data-settings=\"{&quot;background_background&quot;:&quot;classic&quot;}\">\n\t\t\t\t\t\t<div class=\"elementor-container elementor-column-gap-no\">\n\t\t\t\t\t<div class=\"elementor-column elementor-col-100 elementor-top-column elementor-element elementor-element-5095ba16\" data-id=\"5095ba16\" data-element_type=\"column\" data-e-type=\"column\">\n\t\t\t<div class=\"elementor-widget-wrap elementor-element-populated\">\n\t\t\t\t\t\t<div class=\"elementor-element elementor-element-3de51bfd elementor-view-default elementor-widget elementor-widget-icon\" data-id=\"3de51bfd\" data-element_type=\"widget\" data-e-type=\"widget\" data-widget_type=\"icon.default\">\n\t\t\t\t<div class=\"elementor-widget-container\">\n\t\t\t\t\t\t\t<div class=\"elementor-icon-wrapper\">\n\t\t\t<div class=\"elementor-icon\">\n\t\t\t\t\t\t\t<i class=\"fa fa-codepen\" aria-hidden=\"true\"><\/i>\n\t\t\t\t\t\t<\/div>\n\t\t<\/div>\n\t\t\t\t\t\t<\/div>\n\t\t\t\t<\/div>\n\t\t\t\t<div class=\"elementor-element elementor-element-5fd3ec9b elementor-widget elementor-widget-heading\" data-id=\"5fd3ec9b\" data-element_type=\"widget\" data-e-type=\"widget\" data-widget_type=\"heading.default\">\n\t\t\t\t<div class=\"elementor-widget-container\">\n\t\t\t\t\t<h2 class=\"elementor-heading-title elementor-size-large\">Dawit Redovisningskonsult<\/h2>\t\t\t\t<\/div>\n\t\t\t\t<\/div>\n\t\t\t\t\t<\/div>\n\t\t<\/div>\n\t\t\t\t\t<\/div>\n\t\t<\/section>\n\t\t\t\t<section class=\"elementor-section elementor-top-section elementor-element elementor-element-5ce63383 elementor-section-boxed elementor-section-height-default elementor-section-height-default\" data-id=\"5ce63383\" data-element_type=\"section\" data-e-type=\"section\">\n\t\t\t\t\t\t<div class=\"elementor-container elementor-column-gap-default\">\n\t\t\t\t\t<div class=\"elementor-column elementor-col-100 elementor-top-column elementor-element elementor-element-31c9ffa4\" data-id=\"31c9ffa4\" data-element_type=\"column\" data-e-type=\"column\">\n\t\t\t<div class=\"elementor-widget-wrap elementor-element-populated\">\n\t\t\t\t\t\t<div class=\"elementor-element elementor-element-5b10fbb2 elementor-widget elementor-widget-heading\" data-id=\"5b10fbb2\" data-element_type=\"widget\" data-e-type=\"widget\" data-widget_type=\"heading.default\">\n\t\t\t\t<div class=\"elementor-widget-container\">\n\t\t\t\t\t<h3 class=\"elementor-heading-title elementor-size-large\">V\u00e5ra tj\u00e4ster<\/h3>\t\t\t\t<\/div>\n\t\t\t\t<\/div>\n\t\t\t\t\t<\/div>\n\t\t<\/div>\n\t\t\t\t\t<\/div>\n\t\t<\/section>\n\t\t\t\t<section class=\"elementor-section elementor-top-section elementor-element elementor-element-25f835c5 elementor-section-content-middle elementor-section-boxed elementor-section-height-default elementor-section-height-default\" data-id=\"25f835c5\" data-element_type=\"section\" data-e-type=\"section\">\n\t\t\t\t\t\t<div class=\"elementor-container elementor-column-gap-default\">\n\t\t\t\t\t<div class=\"elementor-column elementor-col-50 elementor-top-column elementor-element elementor-element-8cddca8\" data-id=\"8cddca8\" data-element_type=\"column\" data-e-type=\"column\" data-settings=\"{&quot;background_background&quot;:&quot;classic&quot;}\">\n\t\t\t<div class=\"elementor-widget-wrap elementor-element-populated\">\n\t\t\t\t\t\t<div class=\"elementor-element elementor-element-21b77ce1 elementor-widget elementor-widget-video\" data-id=\"21b77ce1\" data-element_type=\"widget\" data-e-type=\"widget\" data-settings=\"{&quot;show_image_overlay&quot;:&quot;no&quot;,&quot;autoplay&quot;:&quot;no&quot;,&quot;controls&quot;:&quot;no&quot;,&quot;youtube_url&quot;:&quot;https:\\\/\\\/www.youtube.com\\\/watch?v=THBX3Coc8OQ&quot;,&quot;video_type&quot;:&quot;youtube&quot;}\" data-widget_type=\"video.default\">\n\t\t\t\t<div class=\"elementor-widget-container\">\n\t\t\t\t\t\t\t<div class=\"elementor-wrapper elementor-open-inline\">\n\t\t\t<div class=\"elementor-video\"><\/div>\t\t<\/div>\n\t\t\t\t\t\t<\/div>\n\t\t\t\t<\/div>\n\t\t\t\t\t<\/div>\n\t\t<\/div>\n\t\t\t\t<div class=\"elementor-column elementor-col-50 elementor-top-column elementor-element elementor-element-b0c6a3b\" data-id=\"b0c6a3b\" data-element_type=\"column\" data-e-type=\"column\">\n\t\t\t<div class=\"elementor-widget-wrap elementor-element-populated\">\n\t\t\t\t\t\t<div class=\"elementor-element elementor-element-7d29631d elementor-widget elementor-widget-text-editor\" data-id=\"7d29631d\" data-element_type=\"widget\" data-e-type=\"widget\" data-widget_type=\"text-editor.default\">\n\t\t\t\t<div class=\"elementor-widget-container\">\n\t\t\t\t\t\t\t\t\t<p><strong><em><u>Bokf\u00f6ring<\/u><\/em><\/strong><\/p><p>Vi g\u00f6r allt inom l\u00f6pande bokf\u00f6ring, kund och leverant\u00f6rsreskontra, avst\u00e4mning, budgetering balans och resultatrapporter. Kontakta oss och ber\u00e4tta dina behov s\u00e5 kan vi s\u00e4tta upp en skr\u00e4ddarsydd l\u00f6sning just f\u00f6r dig.<\/p><p><strong>Bokf\u00f6ring<\/strong><\/p><p>L\u00f6pande bokf\u00f6ring kan vara tidskr\u00e4vande och ibland komplicerat. D\u00e4rf\u00f6r kan det vara sk\u00f6nt f\u00f6r dig att kunna slappna av och sl\u00e4ppa allt ekonomiskt arbete f\u00f6r att \u00e4gna dig \u00e5t det du \u00e4r bra p\u00e5. Bokf\u00f6ringstj\u00e4nster som vi tillhandah\u00e5ller \u00e4r:<\/p><ul><li>L\u00f6pande bokf\u00f6ring<\/li><li>Kundreskontra<\/li><li>Leverant\u00f6rsreskontra<\/li><li>Avst\u00e4mning<\/li><li>Budgetering<\/li><li>Anl\u00e4ggningsregister<\/li><li>Utbetalning<\/li><li>Fakturering<\/li><li>Fakturauppf\u00f6ljning<\/li><\/ul>\t\t\t\t\t\t\t\t<\/div>\n\t\t\t\t<\/div>\n\t\t\t\t\t<\/div>\n\t\t<\/div>\n\t\t\t\t\t<\/div>\n\t\t<\/section>\n\t\t\t\t<section class=\"elementor-section elementor-top-section elementor-element elementor-element-25daaf7 elementor-section-content-middle elementor-reverse-mobile elementor-section-boxed elementor-section-height-default elementor-section-height-default\" data-id=\"25daaf7\" data-element_type=\"section\" data-e-type=\"section\">\n\t\t\t\t\t\t<div class=\"elementor-container elementor-column-gap-default\">\n\t\t\t\t\t<div class=\"elementor-column elementor-col-50 elementor-top-column elementor-element elementor-element-6c996b5d\" data-id=\"6c996b5d\" data-element_type=\"column\" data-e-type=\"column\">\n\t\t\t<div class=\"elementor-widget-wrap elementor-element-populated\">\n\t\t\t\t\t\t<div class=\"elementor-element elementor-element-50e122ce elementor-widget elementor-widget-text-editor\" data-id=\"50e122ce\" data-element_type=\"widget\" data-e-type=\"widget\" data-widget_type=\"text-editor.default\">\n\t\t\t\t<div class=\"elementor-widget-container\">\n\t\t\t\t\t\t\t\t\t<p><strong><em><u>Skattedeklarationer &amp; l\u00f6ner<\/u><\/em><\/strong><\/p><p>Det \u00e4r viktigt att deklarationerna blir korrekta b\u00e5de f\u00f6r dig och f\u00f6r samh\u00e4llet. Att ta in professionell hj\u00e4lp med detta underl\u00e4ttar mycket f\u00f6r dig. Inkomstdeklarationer, momsdeklarationer, arbetsgivaravgifter, periodiska sammanst\u00e4llningar beh\u00f6ver du hj\u00e4lp med detta? Kontakta oss och ber\u00e4tta dina behov s\u00e5 kan vi s\u00e4tta upp en skr\u00e4ddarsydd l\u00f6sning just f\u00f6r dig.<\/p><p><strong>Skattedeklarationer <em>&amp; l\u00f6ner<\/em><\/strong><\/p><p>Alla bolag b\u00f6r oavsett l\u00e4mna momsdeklarationer, inkomstdeklarationer, arbetsgivaravgifter och alla HR-fr\u00e5gor.\u00a0\u00a0Vi ser till att allt blir korrekt och att skatten blir betald i tid. Tj\u00e4nster r\u00f6rande skatteomr\u00e5det som i tillhandah\u00e5ller \u00e4r:<\/p><ul><li>Momsdeklaration<\/li><li>Prelimin\u00e4rskattskatt och egenavgift f\u00f6r f\u00f6retagare<\/li><li>Skattedeklaration<\/li><li>Rapportering till Skatteverket<\/li><li>F\u00f6retaget inkomstdeklaration<\/li><li>L\u00f6neadministration samt HR-fr\u00e5gor<\/li><li>Personalens k\u00e4llskatt och arbetsgivare avgifter<\/li><\/ul><h3>\u00a0<\/h3>\t\t\t\t\t\t\t\t<\/div>\n\t\t\t\t<\/div>\n\t\t\t\t\t<\/div>\n\t\t<\/div>\n\t\t\t\t<div class=\"elementor-column elementor-col-50 elementor-top-column elementor-element elementor-element-7258ab8\" data-id=\"7258ab8\" data-element_type=\"column\" data-e-type=\"column\" data-settings=\"{&quot;background_background&quot;:&quot;classic&quot;}\">\n\t\t\t<div class=\"elementor-widget-wrap elementor-element-populated\">\n\t\t\t\t\t\t<div class=\"elementor-element elementor-element-6524b080 elementor-widget__width-inherit elementor-widget elementor-widget-image\" data-id=\"6524b080\" data-element_type=\"widget\" data-e-type=\"widget\" data-widget_type=\"image.default\">\n\t\t\t\t<div class=\"elementor-widget-container\">\n\t\t\t\t\t\t\t\t\t\t\t\t\t\t\t<img fetchpriority=\"high\" decoding=\"async\" width=\"1200\" height=\"594\" src=\"https:\/\/dawitredovisning.se\/wp-content\/uploads\/2021\/05\/Gideon-9.jpg\" class=\"attachment-full size-full wp-image-228\" alt=\"\" srcset=\"https:\/\/dawitredovisning.se\/wp-content\/uploads\/2021\/05\/Gideon-9.jpg 1200w, https:\/\/dawitredovisning.se\/wp-content\/uploads\/2021\/05\/Gideon-9-300x149.jpg 300w, https:\/\/dawitredovisning.se\/wp-content\/uploads\/2021\/05\/Gideon-9-1024x507.jpg 1024w, https:\/\/dawitredovisning.se\/wp-content\/uploads\/2021\/05\/Gideon-9-768x380.jpg 768w\" sizes=\"(max-width: 1200px) 100vw, 1200px\" \/>\t\t\t\t\t\t\t\t\t\t\t\t\t\t\t<\/div>\n\t\t\t\t<\/div>\n\t\t\t\t\t<\/div>\n\t\t<\/div>\n\t\t\t\t\t<\/div>\n\t\t<\/section>\n\t\t\t\t<section class=\"elementor-section elementor-top-section elementor-element elementor-element-ed8ae17 elementor-section-content-middle elementor-reverse-mobile elementor-section-boxed elementor-section-height-default elementor-section-height-default\" data-id=\"ed8ae17\" data-element_type=\"section\" data-e-type=\"section\">\n\t\t\t\t\t\t<div class=\"elementor-container elementor-column-gap-default\">\n\t\t\t\t\t<div class=\"elementor-column elementor-col-50 elementor-top-column elementor-element elementor-element-a9567f2\" data-id=\"a9567f2\" data-element_type=\"column\" data-e-type=\"column\">\n\t\t\t<div class=\"elementor-widget-wrap elementor-element-populated\">\n\t\t\t\t\t\t<div class=\"elementor-element elementor-element-fa04503 elementor-widget elementor-widget-text-editor\" data-id=\"fa04503\" data-element_type=\"widget\" data-e-type=\"widget\" data-widget_type=\"text-editor.default\">\n\t\t\t\t<div class=\"elementor-widget-container\">\n\t\t\t\t\t\t\t\t\t<p><strong><em><u>Bokslut &amp; \u00c5rsredovisningar<\/u><\/em><\/strong><\/p><p>Det \u00e4r mycket viktigt f\u00f6r ett bolag att bokslutet eller \u00e5rsredovisningen blir korrekt uppr\u00e4ttad och inneh\u00e5ller r\u00e4tt uppgifter. Det \u00e4r en sak att ta ut ett resultat och balansr\u00e4kning fr\u00e5n ett bokf\u00f6ringsprogram, det \u00e4r en annan att f\u00f6rst\u00e5 vad man l\u00e4ser och om siffrorna \u00e4r negativa hur g\u00f6r man dem till positiva.<\/p><p><strong>Bokslut &amp; \u00c5rsredovisningar<\/strong><\/p><p>Det \u00e4r mycket viktigt f\u00f6r ett bolag att bokslutet eller \u00e5rsredovisningen blir korrekt uppr\u00e4ttad och inneh\u00e5ller r\u00e4tt uppgifter. Det \u00e4r en sak att ta ut ett resultat och balansr\u00e4kning fr\u00e5n ett bokf\u00f6ringsprogram, det \u00e4r en annan att f\u00f6rst\u00e5 vad man l\u00e4ser och om siffrorna \u00e4r negativa hur g\u00f6r man dem till positiva. Som f\u00f6retagare beh\u00f6ver man ha en l\u00f6pande analys m\u00e5nad f\u00f6r m\u00e5nad hur det g\u00e5r f\u00f6r sitt f\u00f6retag. Bokslutstj\u00e4nster som vi tillhandah\u00e5ller \u00e4r:<\/p><ul><li>Periodiseringar<\/li><li>Avskrivningar<\/li><li>Resultat och resultatr\u00e4kningar<\/li><li>Bokslut<\/li><li>\u00c5rsredovisning<\/li><li>Bolagsbildningar och r\u00e5dgivning<\/li><\/ul>\t\t\t\t\t\t\t\t<\/div>\n\t\t\t\t<\/div>\n\t\t\t\t\t<\/div>\n\t\t<\/div>\n\t\t\t\t<div class=\"elementor-column elementor-col-50 elementor-top-column elementor-element elementor-element-7a555ef\" data-id=\"7a555ef\" data-element_type=\"column\" data-e-type=\"column\" data-settings=\"{&quot;background_background&quot;:&quot;classic&quot;}\">\n\t\t\t<div class=\"elementor-widget-wrap elementor-element-populated\">\n\t\t\t\t\t\t<div class=\"elementor-element elementor-element-504637a elementor-widget elementor-widget-image\" data-id=\"504637a\" data-element_type=\"widget\" data-e-type=\"widget\" data-widget_type=\"image.default\">\n\t\t\t\t<div class=\"elementor-widget-container\">\n\t\t\t\t\t\t\t\t\t\t\t\t\t\t\t<img decoding=\"async\" width=\"960\" height=\"720\" src=\"https:\/\/dawitredovisning.se\/wp-content\/uploads\/2021\/05\/Gideon-16.jpg\" class=\"attachment-full size-full wp-image-236\" alt=\"\" srcset=\"https:\/\/dawitredovisning.se\/wp-content\/uploads\/2021\/05\/Gideon-16.jpg 960w, https:\/\/dawitredovisning.se\/wp-content\/uploads\/2021\/05\/Gideon-16-300x225.jpg 300w, https:\/\/dawitredovisning.se\/wp-content\/uploads\/2021\/05\/Gideon-16-768x576.jpg 768w\" sizes=\"(max-width: 960px) 100vw, 960px\" \/>\t\t\t\t\t\t\t\t\t\t\t\t\t\t\t<\/div>\n\t\t\t\t<\/div>\n\t\t\t\t\t<\/div>\n\t\t<\/div>\n\t\t\t\t\t<\/div>\n\t\t<\/section>\n\t\t\t\t<section class=\"elementor-section elementor-top-section elementor-element elementor-element-1f147e05 elementor-section-content-middle elementor-section-boxed elementor-section-height-default elementor-section-height-default\" data-id=\"1f147e05\" data-element_type=\"section\" data-e-type=\"section\">\n\t\t\t\t\t\t<div class=\"elementor-container elementor-column-gap-default\">\n\t\t\t\t\t<div class=\"elementor-column elementor-col-50 elementor-top-column elementor-element elementor-element-4525ecfe\" data-id=\"4525ecfe\" data-element_type=\"column\" data-e-type=\"column\" data-settings=\"{&quot;background_background&quot;:&quot;classic&quot;}\">\n\t\t\t<div class=\"elementor-widget-wrap elementor-element-populated\">\n\t\t\t\t\t\t<div class=\"elementor-element elementor-element-1129d1a6 elementor-widget elementor-widget-google_maps\" data-id=\"1129d1a6\" data-element_type=\"widget\" data-e-type=\"widget\" data-widget_type=\"google_maps.default\">\n\t\t\t\t<div class=\"elementor-widget-container\">\n\t\t\t\t\t\t\t<div class=\"elementor-custom-embed\">\n\t\t\t<iframe loading=\"lazy\"\n\t\t\t\t\tsrc=\"https:\/\/maps.google.com\/maps?q=London%20Eye%2C%20London%2C%20United%20Kingdom&#038;t=m&#038;z=10&#038;output=embed&#038;iwloc=near\"\n\t\t\t\t\ttitle=\"London Eye, London, United Kingdom\"\n\t\t\t\t\taria-label=\"London Eye, London, United Kingdom\"\n\t\t\t><\/iframe>\n\t\t<\/div>\n\t\t\t\t\t\t<\/div>\n\t\t\t\t<\/div>\n\t\t\t\t\t<\/div>\n\t\t<\/div>\n\t\t\t\t<div class=\"elementor-column elementor-col-50 elementor-top-column elementor-element elementor-element-51c5bed2\" data-id=\"51c5bed2\" data-element_type=\"column\" data-e-type=\"column\">\n\t\t\t<div class=\"elementor-widget-wrap elementor-element-populated\">\n\t\t\t\t\t\t<div class=\"elementor-element elementor-element-39f50198 elementor-widget elementor-widget-heading\" data-id=\"39f50198\" data-element_type=\"widget\" data-e-type=\"widget\" data-widget_type=\"heading.default\">\n\t\t\t\t<div class=\"elementor-widget-container\">\n\t\t\t\t\t<h3 class=\"elementor-heading-title elementor-size-large\">V\u00e5r adress<\/h3>\t\t\t\t<\/div>\n\t\t\t\t<\/div>\n\t\t\t\t<div class=\"elementor-element elementor-element-24dece41 elementor-widget elementor-widget-text-editor\" data-id=\"24dece41\" data-element_type=\"widget\" data-e-type=\"widget\" data-widget_type=\"text-editor.default\">\n\t\t\t\t<div class=\"elementor-widget-container\">\n\t\t\t\t\t\t\t\t\t<p>\u00a0<\/p><p>K\u00f6pmannagatan 1A<\/p><p>762 31, Rimbo<\/p>\t\t\t\t\t\t\t\t<\/div>\n\t\t\t\t<\/div>\n\t\t\t\t<div class=\"elementor-element elementor-element-25a612b6 elementor-widget elementor-widget-heading\" data-id=\"25a612b6\" data-element_type=\"widget\" data-e-type=\"widget\" data-widget_type=\"heading.default\">\n\t\t\t\t<div class=\"elementor-widget-container\">\n\t\t\t\t\t<h5 class=\"elementor-heading-title elementor-size-small\">Kontakta oss<\/h5>\t\t\t\t<\/div>\n\t\t\t\t<\/div>\n\t\t\t\t\t<\/div>\n\t\t<\/div>\n\t\t\t\t\t<\/div>\n\t\t<\/section>\n\t\t\t\t<\/div>\n\t\t","protected":false},"excerpt":{"rendered":"<p>Dawit Redovisningskonsult V\u00e5ra tj\u00e4ster https:\/\/www.youtube.com\/watch?v=THBX3Coc8OQ Bokf\u00f6ring Vi g\u00f6r allt inom l\u00f6pande bokf\u00f6ring, kund och leverant\u00f6rsreskontra, avst\u00e4mning, budgetering balans och resultatrapporter. Kontakta oss och ber\u00e4tta dina behov s\u00e5 kan vi s\u00e4tta upp en skr\u00e4ddarsydd l\u00f6sning just f\u00f6r dig. Bokf\u00f6ring L\u00f6pande bokf\u00f6ring kan vara tidskr\u00e4vande och ibland komplicerat. D\u00e4rf\u00f6r kan det vara sk\u00f6nt f\u00f6r dig att kunna [&hellip;]<\/p>\n","protected":false},"author":1,"featured_media":0,"parent":0,"menu_order":0,"comment_status":"closed","ping_status":"closed","template":"","meta":{"site-sidebar-layout":"no-sidebar","site-content-layout":"page-builder","ast-site-content-layout":"default","site-content-style":"default","site-sidebar-style":"default","ast-global-header-display":"","ast-banner-title-visibility":"","ast-main-header-display":"","ast-hfb-above-header-display":"","ast-hfb-below-header-display":"","ast-hfb-mobile-header-display":"","site-post-title":"disabled","ast-breadcrumbs-content":"","ast-featured-img":"disabled","footer-sml-layout":"","ast-disable-related-posts":"","theme-transparent-header-meta":"default","adv-header-id-meta":"","stick-header-meta":"","header-above-stick-meta":"","header-main-stick-meta":"","header-below-stick-meta":"","astra-migrate-meta-layouts":"default","ast-page-background-enabled":"default","ast-page-background-meta":{"desktop":{"background-color":"","background-image":"","background-repeat":"repeat","background-position":"center center","background-size":"auto","background-attachment":"scroll","background-type":"","background-media":"","overlay-type":"","overlay-color":"","overlay-opacity":"","overlay-gradient":""},"tablet":{"background-color":"","background-image":"","background-repeat":"repeat","background-position":"center center","background-size":"auto","background-attachment":"scroll","background-type":"","background-media":"","overlay-type":"","overlay-color":"","overlay-opacity":"","overlay-gradient":""},"mobile":{"background-color":"","background-image":"","background-repeat":"repeat","background-position":"center center","background-size":"auto","background-attachment":"scroll","background-type":"","background-media":"","overlay-type":"","overlay-color":"","overlay-opacity":"","overlay-gradient":""}},"ast-content-background-meta":{"desktop":{"background-color":"var(--ast-global-color-5)","background-image":"","background-repeat":"repeat","background-position":"center center","background-size":"auto","background-attachment":"scroll","background-type":"","background-media":"","overlay-type":"","overlay-color":"","overlay-opacity":"","overlay-gradient":""},"tablet":{"background-color":"var(--ast-global-color-5)","background-image":"","background-repeat":"repeat","background-position":"center center","background-size":"auto","background-attachment":"scroll","background-type":"","background-media":"","overlay-type":"","overlay-color":"","overlay-opacity":"","overlay-gradient":""},"mobile":{"background-color":"var(--ast-global-color-5)","background-image":"","background-repeat":"repeat","background-position":"center center","background-size":"auto","background-attachment":"scroll","background-type":"","background-media":"","overlay-type":"","overlay-color":"","overlay-opacity":"","overlay-gradient":""}},"footnotes":""},"class_list":["post-223","page","type-page","status-publish","hentry"],"_links":{"self":[{"href":"https:\/\/dawitredovisning.se\/index.php?rest_route=\/wp\/v2\/pages\/223","targetHints":{"allow":["GET"]}}],"collection":[{"href":"https:\/\/dawitredovisning.se\/index.php?rest_route=\/wp\/v2\/pages"}],"about":[{"href":"https:\/\/dawitredovisning.se\/index.php?rest_route=\/wp\/v2\/types\/page"}],"author":[{"embeddable":true,"href":"https:\/\/dawitredovisning.se\/index.php?rest_route=\/wp\/v2\/users\/1"}],"replies":[{"embeddable":true,"href":"https:\/\/dawitredovisning.se\/index.php?rest_route=%2Fwp%2Fv2%2Fcomments&post=223"}],"version-history":[{"count":16,"href":"https:\/\/dawitredovisning.se\/index.php?rest_route=\/wp\/v2\/pages\/223\/revisions"}],"predecessor-version":[{"id":246,"href":"https:\/\/dawitredovisning.se\/index.php?rest_route=\/wp\/v2\/pages\/223\/revisions\/246"}],"wp:attachment":[{"href":"https:\/\/dawitredovisning.se\/index.php?rest_route=%2Fwp%2Fv2%2Fmedia&parent=223"}],"curies":[{"name":"wp","href":"https:\/\/api.w.org\/{rel}","templated":true}]}}